{"id":14,"date":"2026-01-13T16:27:24","date_gmt":"2026-01-13T16:27:24","guid":{"rendered":"https:\/\/cacaocafenews.com\/?page_id=14"},"modified":"2026-02-13T11:58:50","modified_gmt":"2026-02-13T11:58:50","slug":"cacacafenews","status":"publish","type":"page","link":"https:\/\/cacaocafenews.com\/","title":{"rendered":"ACCUEIL"},"content":{"rendered":"<div class=\"wpb-content-wrapper\"><p>[vc_row][vc_column][\/vc_column][\/vc_row][vc_row][vc_column][vc_images_carousel images=&#8221;123,124,135,136,181,182&#8243; img_size=&#8221;full&#8221; autoplay=&#8221;yes&#8221; hide_pagination_control=&#8221;yes&#8221; hide_prev_next_buttons=&#8221;yes&#8221; css=&#8221;&#8221; el_id=&#8221;slider&#8221; title=&#8221;CCNEWS&#8221;][\/vc_column][\/vc_row][vc_row][vc_column]\t\t\t<div class=\"info-box-wrapper \">\n\t\t\t\t<div id=\"wd-696dec1656b64\" class=\" wd-info-box woodmart-info-box wd-wpb text-left box-icon-align-top box-style- color-scheme- wd-bg-none wd-animation-slide-from-top wd-animation-normal box-title-default vc_custom_1768811687545\"  >\n\t\t\t\t\t\t\t\t\t\t<div class=\"info-box-content\">\n\t\t\t\t\t\t<h4 class=\"info-box-title title wd-font-weight- box-title-style-default wd-fontsize-m\">DONNER AUX JEUNES LE GOUT DE LA TRANSFORMATION AGRICOLE:<\/h4>\t\t\t\t\t\t<div class=\"info-box-inner set-cont-mb-s reset-last-child\">\n\t\t\t\t\t\t\t\t\t\t\t\t\t<\/div>\n\n\t\t\t\t\t\t\n\t\t\t\t\t<\/div>\n\n\t\t\t\t\t\t\t\t\t<\/div>\n\t\t\t<\/div>\n\t\t[vc_separator color=&#8221;vista_blue&#8221; border_width=&#8221;2&#8243; css_animation=&#8221;bounceInDown&#8221; css=&#8221;.vc_custom_1768818411995{border-color: #0087FF !important;}&#8221;]\t\t\t<div class=\"info-box-wrapper \">\n\t\t\t\t<div id=\"wd-698f10f553a00\" class=\" wd-info-box woodmart-info-box wd-wpb text-left box-icon-align-top box-style-bg-hover color-scheme- wd-bg-none wd-animation-slide-from-top wd-animation-normal color-scheme-hover-light box-title-default vc_custom_1770983894497\"  >\n\t\t\t\t\t\t\t\t\t\t<div class=\"info-box-content\">\n\t\t\t\t\t\t<h1 class=\"info-box-title title wd-font-weight- box-title-style-default wd-fontsize-m\">www.cacaocafenews.com <\/h1>\t\t\t\t\t\t<div class=\"info-box-inner set-cont-mb-s reset-last-child\">\n\t\t\t\t\t\t\t<p><a href=\"http:\/\/www.cacaocafenews.com\/\">www.cacaocafenews.com<\/a> est venu pour \u00e9clairer la lanterne des diff\u00e9rents acteurs des march\u00e9s des mati\u00e8res premi\u00e8res et surtout les rapprocher les uns des autres.<\/p>\n\t\t\t\t\t\t<\/div>\n\n\t\t\t\t\t\t\n\t\t\t\t\t<\/div>\n\n\t\t\t\t\t<style><\/style>\t\t\t\t<\/div>\n\t\t\t<\/div>\n\t\t[vc_separator color=&#8221;mulled_wine&#8221; border_width=&#8221;2&#8243; css_animation=&#8221;bounceInDown&#8221; css=&#8221;&#8221;][vc_row_inner][vc_column_inner]\t\t\t<div class=\"info-box-wrapper \">\n\t\t\t\t<div id=\"wd-697669ad1d56c\" class=\" cursor-pointer wd-info-box woodmart-info-box wd-wpb text-left box-icon-align-top box-style-bg-hover color-scheme- wd-bg-none wd-animation-slide-from-right wd-animation-normal color-scheme-hover-light box-title-extra-large vc_custom_1769368501667\"  onclick=\"window.open(&quot;https:\/\/cacaocafenews.com\/index.php\/category\/miss\/&quot;,&quot;_blank&quot;)\"  >\n\t\t\t\t\t\t\t\t\t\t\t<div class=\"box-icon-wrapper  box-with-icon box-icon-simple\">\n\t\t\t\t\t\t\t<div class=\"info-box-icon\">\n\n\t\t\t\t\t\t\t\n\t\t\t\t\t\t\t\t\t\t\t\t\t\t\t\t\t<img decoding=\"async\" class=\"info-icon image-1 \" src=\"https:\/\/cacaocafenews.com\/wp-content\/uploads\/2026\/01\/miss.png\" width=\"532\" height=\"468\" alt=\"miss\" title=\"miss\" loading=\"lazy\" \/>\t\t\t\t\t\t\t\t\t\t\t\t\t\t\t\n\t\t\t\t\t\t\t<\/div>\n\t\t\t\t\t\t<\/div>\n\t\t\t\t\t\t\t\t\t\t<div class=\"info-box-content\">\n\t\t\t\t\t\t<h1 class=\"info-box-title title wd-font-weight-900 box-title-style-default wd-fontsize-xxl\">Miss Showcolat 2017<\/h1>\t\t\t\t\t\t<div class=\"info-box-inner set-cont-mb-s reset-last-child\">\n\t\t\t\t\t\t\t<\/p>\n<h4><em><strong><span style=\"color: #808000;\">La Premi\u00e8re Dame Dominique Ouattara et la Premi\u00e8re Miss Showcolat pour combattre la traite des enfants dans la cacao culture!!!<\/span><\/strong><\/em><\/h4>\n<h4><a href=\"https:\/\/cacaocafenews.com\/index.php\/category\/miss\/\">miss showcolat<\/a><\/h4>\n<p>\n\t\t\t\t\t\t<\/div>\n\n\t\t\t\t\t\t\n\t\t\t\t\t<\/div>\n\n\t\t\t\t\t<style>#wd-697669ad1d56c:after {background-image:-webkit-linear-gradient(left , rgb(60, 232, 244) 30% , rgb(238, 208, 127) 82%);background-image:-moz-linear-gradient(left , rgb(60, 232, 244) 30% , rgb(238, 208, 127) 82%);background-image:-o-linear-gradient(left , rgb(60, 232, 244) 30% , rgb(238, 208, 127) 82%);background-image:linear-gradient(left , rgb(60, 232, 244) 30% , rgb(238, 208, 127) 82%);background-image:-ms-linear-gradient(left , rgb(60, 232, 244) 30% , rgb(238, 208, 127) 82%); !important;}#wd-697669ad1d56c .info-box-subtitle{background-color:  !important;}<\/style>\t\t\t\t<\/div>\n\t\t\t<\/div>\n\t\t[\/vc_column_inner][\/vc_row_inner][\/vc_column][vc_column][vc_row_inner][vc_column_inner width=&#8221;1\/4&#8243;]\t\t\t<div class=\"info-box-wrapper \">\n\t\t\t\t<div id=\"wd-696f9677baa3b\" class=\" wd-info-box woodmart-info-box wd-wpb text-left box-icon-align-top box-style-bg-hover color-scheme- wd-bg-none color-scheme-hover-light box-title-default vc_custom_1768920712536\"  >\n\t\t\t\t\t\t\t\t\t\t\t<div class=\"box-icon-wrapper  box-with-icon box-icon-simple\">\n\t\t\t\t\t\t\t<div class=\"info-box-icon\">\n\n\t\t\t\t\t\t\t\n\t\t\t\t\t\t\t\t\t\t\t\t\t\t\t\t\t<img decoding=\"async\" class=\"info-icon image-1 \" src=\"https:\/\/cacaocafenews.com\/wp-content\/uploads\/2026\/01\/row5.png\" width=\"610\" height=\"600\" alt=\"row5\" title=\"row5\" loading=\"lazy\" \/>\t\t\t\t\t\t\t\t\t\t\t\t\t\t\t\n\t\t\t\t\t\t\t<\/div>\n\t\t\t\t\t\t<\/div>\n\t\t\t\t\t\t\t\t\t\t<div class=\"info-box-content\">\n\t\t\t\t\t\t<h1 class=\"info-box-title title wd-font-weight-900 box-title-style-default wd-fontsize-m\">cacaocafenews<\/h1>\t\t\t\t\t\t<div class=\"info-box-inner set-cont-mb-s reset-last-child\">\n\t\t\t\t\t\t\t\t\t\t\t\t\t<\/div>\n\n\t\t\t\t\t\t\n\t\t\t\t\t<\/div>\n\n\t\t\t\t\t<style><\/style>\t\t\t\t<\/div>\n\t\t\t<\/div>\n\t\t[\/vc_column_inner][vc_column_inner width=&#8221;1\/4&#8243;]\t\t\t<div class=\"info-box-wrapper \">\n\t\t\t\t<div id=\"wd-696e4f54d80e2\" class=\" wd-info-box woodmart-info-box wd-wpb text-left box-icon-align-top box-style-bg-hover color-scheme- wd-bg-none color-scheme-hover-light box-title-default vc_custom_1768836971360\"  >\n\t\t\t\t\t\t\t\t\t\t\t<div class=\"box-icon-wrapper  box-with-icon box-icon-simple\">\n\t\t\t\t\t\t\t<div class=\"info-box-icon\">\n\n\t\t\t\t\t\t\t\n\t\t\t\t\t\t\t\t\t\t\t\t\t\t\t\t\t<img decoding=\"async\" class=\"info-icon image-1 \" src=\"https:\/\/cacaocafenews.com\/wp-content\/uploads\/2026\/01\/row2.png\" width=\"610\" height=\"600\" alt=\"row2\" title=\"row2\" loading=\"lazy\" \/>\t\t\t\t\t\t\t\t\t\t\t\t\t\t\t\n\t\t\t\t\t\t\t<\/div>\n\t\t\t\t\t\t<\/div>\n\t\t\t\t\t\t\t\t\t\t<div class=\"info-box-content\">\n\t\t\t\t\t\t<h1 class=\"info-box-title title wd-font-weight-900 box-title-style-default wd-fontsize-m\">cacaocafenews<\/h1>\t\t\t\t\t\t<div class=\"info-box-inner set-cont-mb-s reset-last-child\">\n\t\t\t\t\t\t\t\t\t\t\t\t\t<\/div>\n\n\t\t\t\t\t\t\n\t\t\t\t\t<\/div>\n\n\t\t\t\t\t<style><\/style>\t\t\t\t<\/div>\n\t\t\t<\/div>\n\t\t[\/vc_column_inner][vc_column_inner width=&#8221;1\/4&#8243;]\t\t\t<div class=\"info-box-wrapper \">\n\t\t\t\t<div id=\"wd-696e4f6d1d939\" class=\" wd-info-box woodmart-info-box wd-wpb text-left box-icon-align-top box-style-bg-hover color-scheme- wd-bg-none color-scheme-hover-light box-title-default vc_custom_1768836991858\"  >\n\t\t\t\t\t\t\t\t\t\t\t<div class=\"box-icon-wrapper  box-with-icon box-icon-simple\">\n\t\t\t\t\t\t\t<div class=\"info-box-icon\">\n\n\t\t\t\t\t\t\t\n\t\t\t\t\t\t\t\t\t\t\t\t\t\t\t\t\t<img decoding=\"async\" class=\"info-icon image-1 \" src=\"https:\/\/cacaocafenews.com\/wp-content\/uploads\/2026\/01\/row3.png\" width=\"610\" height=\"600\" alt=\"row3\" title=\"row3\" loading=\"lazy\" \/>\t\t\t\t\t\t\t\t\t\t\t\t\t\t\t\n\t\t\t\t\t\t\t<\/div>\n\t\t\t\t\t\t<\/div>\n\t\t\t\t\t\t\t\t\t\t<div class=\"info-box-content\">\n\t\t\t\t\t\t<h1 class=\"info-box-title title wd-font-weight-900 box-title-style-default wd-fontsize-m\">cacaocafenews<\/h1>\t\t\t\t\t\t<div class=\"info-box-inner set-cont-mb-s reset-last-child\">\n\t\t\t\t\t\t\t\t\t\t\t\t\t<\/div>\n\n\t\t\t\t\t\t\n\t\t\t\t\t<\/div>\n\n\t\t\t\t\t<style><\/style>\t\t\t\t<\/div>\n\t\t\t<\/div>\n\t\t[\/vc_column_inner][vc_column_inner width=&#8221;1\/4&#8243;]\t\t\t<div class=\"info-box-wrapper \">\n\t\t\t\t<div id=\"wd-696e068223531\" class=\" wd-info-box woodmart-info-box wd-wpb text-left box-icon-align-top box-style-bg-hover color-scheme- wd-bg-none color-scheme-hover-light box-title-default vc_custom_1768818316856\"  >\n\t\t\t\t\t\t\t\t\t\t\t<div class=\"box-icon-wrapper  box-with-icon box-icon-simple\">\n\t\t\t\t\t\t\t<div class=\"info-box-icon\">\n\n\t\t\t\t\t\t\t\n\t\t\t\t\t\t\t\t\t\t\t\t\t\t\t\t\t<img decoding=\"async\" class=\"info-icon image-1 \" src=\"https:\/\/cacaocafenews.com\/wp-content\/uploads\/2026\/01\/row5.png\" width=\"610\" height=\"600\" alt=\"row5\" title=\"row5\" loading=\"lazy\" \/>\t\t\t\t\t\t\t\t\t\t\t\t\t\t\t\n\t\t\t\t\t\t\t<\/div>\n\t\t\t\t\t\t<\/div>\n\t\t\t\t\t\t\t\t\t\t<div class=\"info-box-content\">\n\t\t\t\t\t\t<h1 class=\"info-box-title title wd-font-weight-900 box-title-style-default wd-fontsize-m\">cacaocafenews<\/h1>\t\t\t\t\t\t<div class=\"info-box-inner set-cont-mb-s reset-last-child\">\n\t\t\t\t\t\t\t\t\t\t\t\t\t<\/div>\n\n\t\t\t\t\t\t\n\t\t\t\t\t<\/div>\n\n\t\t\t\t\t<style><\/style>\t\t\t\t<\/div>\n\t\t\t<\/div>\n\t\t[\/vc_column_inner][\/vc_row_inner][vc_separator color=&#8221;vista_blue&#8221; border_width=&#8221;2&#8243; css_animation=&#8221;bounceInDown&#8221; css=&#8221;.vc_custom_1768828371424{background-color: #81D742 !important;}&#8221;][vc_row_inner][vc_column_inner]\t\t\t<div class=\"info-box-wrapper \">\n\t\t\t\t<div id=\"wd-696e4c8099b93\" class=\" wd-info-box woodmart-info-box wd-wpb text-left box-icon-align-top box-style-bg-hover color-scheme- wd-bg-none wd-animation-slide-from-right wd-animation-fast color-scheme-hover-light box-title-default vc_custom_1768836259318\"  >\n\t\t\t\t\t\t\t\t\t\t<div class=\"info-box-content\">\n\t\t\t\t\t\t<h1 class=\"info-box-title title wd-font-weight-900 box-title-style-default wd-fontsize-m\">D\u2019O\u00d9 PROVIENT LE CACAO ?<\/h1>\t\t\t\t\t\t<div class=\"info-box-inner set-cont-mb-s reset-last-child\">\n\t\t\t\t\t\t\t<p>Le cacao provient du cacaoyer. Mis \u00e0 part qu\u2019il est \u00e0 l\u2019origine du chocolat, le cacaoyer est un arbre absolument surprenant. Du genre Theobroma (qui signifie \u00ab nourriture des dieux \u00bb), il s\u2019agit d\u2019une esp\u00e8ce tropicale end\u00e9mique originaire des for\u00eats \u00e9quatoriales au climat chaud et humide.<\/p>\n\t\t\t\t\t\t<\/div>\n\n\t\t\t\t\t\t\n\t\t\t\t\t<\/div>\n\n\t\t\t\t\t<style>#wd-696e4c8099b93 .info-box-subtitle{background-color:  !important;}<\/style>\t\t\t\t<\/div>\n\t\t\t<\/div>\n\t\t[vc_separator color=&#8221;orange&#8221; align=&#8221;align_right&#8221; border_width=&#8221;2&#8243; css_animation=&#8221;fadeInDown&#8221; css=&#8221;.vc_custom_1768837948393{background-color: #1E73BE !important;border-color: #1E73BE !important;}&#8221;][\/vc_column_inner][\/vc_row_inner][\/vc_column][\/vc_row][vc_row][vc_column width=&#8221;1\/4&#8243;]\t\t\t<div class=\"info-box-wrapper \">\n\t\t\t\t<div id=\"wd-696f97ddcd09f\" class=\" cursor-pointer wd-info-box woodmart-info-box wd-wpb text-left box-icon-align-top box-style-bg-hover color-scheme- wd-bg-none color-scheme-hover-light box-title-default vc_custom_1768921069147\"  onclick=\"window.open(&quot;https:\/\/cacaocafenews.com\/index.php\/category\/ca-3\/&quot;,&quot;_blank&quot;)\"  >\n\t\t\t\t\t\t\t\t\t\t\t<div class=\"box-icon-wrapper  box-with-icon box-icon-simple\">\n\t\t\t\t\t\t\t<div class=\"info-box-icon\">\n\n\t\t\t\t\t\t\t\n\t\t\t\t\t\t\t\t\t\t\t\t\t\t\t\t\t<img decoding=\"async\" class=\"info-icon image-1 \" src=\"https:\/\/cacaocafenews.com\/wp-content\/uploads\/2026\/01\/newscc1.png\" width=\"610\" height=\"600\" alt=\"newscc1\" title=\"newscc1\" loading=\"lazy\" \/>\t\t\t\t\t\t\t\t\t\t\t\t\t\t\t\n\t\t\t\t\t\t\t<\/div>\n\t\t\t\t\t\t<\/div>\n\t\t\t\t\t\t\t\t\t\t<div class=\"info-box-content\">\n\t\t\t\t\t\t<div class=\"info-box-subtitle wd-fontsize-xs subtitle-style-default wd-font-weight-\">Le cacao en infusion Ses multiples bienfaits<\/div>\t\t\t\t\t\t<div class=\"info-box-inner set-cont-mb-s reset-last-child\">\n\t\t\t\t\t\t\t\t\t\t\t\t\t<\/div>\n\n\t\t\t\t\t\t\n\t\t\t\t\t<\/div>\n\n\t\t\t\t\t<style>#wd-696f97ddcd09f .info-box-subtitle{background-color:  !important;}<\/style>\t\t\t\t<\/div>\n\t\t\t<\/div>\n\t\t[\/vc_column][vc_column width=&#8221;1\/4&#8243;]\t\t\t<div class=\"info-box-wrapper \">\n\t\t\t\t<div id=\"wd-696f997a2d87c\" class=\" cursor-pointer wd-info-box woodmart-info-box wd-wpb text-left box-icon-align-top box-style-bg-hover color-scheme- wd-bg-none color-scheme-hover-light box-title-default vc_custom_1768921527939\"  onclick=\"window.open(&quot;https:\/\/cacaocafenews.com\/index.php\/category\/ca-3\/&quot;,&quot;_blank&quot;)\"  >\n\t\t\t\t\t\t\t\t\t\t\t<div class=\"box-icon-wrapper  box-with-icon box-icon-simple\">\n\t\t\t\t\t\t\t<div class=\"info-box-icon\">\n\n\t\t\t\t\t\t\t\n\t\t\t\t\t\t\t\t\t\t\t\t\t\t\t\t\t<img decoding=\"async\" class=\"info-icon image-1 \" src=\"https:\/\/cacaocafenews.com\/wp-content\/uploads\/2026\/01\/newscc2.png\" width=\"610\" height=\"600\" alt=\"newscc2\" title=\"newscc2\" loading=\"lazy\" \/>\t\t\t\t\t\t\t\t\t\t\t\t\t\t\t\n\t\t\t\t\t\t\t<\/div>\n\t\t\t\t\t\t<\/div>\n\t\t\t\t\t\t\t\t\t\t<div class=\"info-box-content\">\n\t\t\t\t\t\t<div class=\"info-box-subtitle wd-fontsize-xs subtitle-style-default wd-font-weight-\">Le cacao en infusion Ses multiples bienfaits<\/div>\t\t\t\t\t\t<div class=\"info-box-inner set-cont-mb-s reset-last-child\">\n\t\t\t\t\t\t\t\t\t\t\t\t\t<\/div>\n\n\t\t\t\t\t\t\n\t\t\t\t\t<\/div>\n\n\t\t\t\t\t<style>#wd-696f997a2d87c .info-box-subtitle{background-color:  !important;}<\/style>\t\t\t\t<\/div>\n\t\t\t<\/div>\n\t\t[\/vc_column][vc_column width=&#8221;1\/4&#8243;]\t\t\t<div class=\"info-box-wrapper \">\n\t\t\t\t<div id=\"wd-696f9a3266ce9\" class=\" cursor-pointer wd-info-box woodmart-info-box wd-wpb text-left box-icon-align-top box-style-bg-hover color-scheme- wd-bg-none color-scheme-hover-light box-title-default vc_custom_1768921675028\"  onclick=\"window.open(&quot;https:\/\/cacaocafenews.com\/index.php\/category\/ca-3\/&quot;,&quot;_blank&quot;)\"  >\n\t\t\t\t\t\t\t\t\t\t\t<div class=\"box-icon-wrapper  box-with-icon box-icon-simple\">\n\t\t\t\t\t\t\t<div class=\"info-box-icon\">\n\n\t\t\t\t\t\t\t\n\t\t\t\t\t\t\t\t\t\t\t\t\t\t\t\t\t<img decoding=\"async\" class=\"info-icon image-1 \" src=\"https:\/\/cacaocafenews.com\/wp-content\/uploads\/2026\/01\/news3.png\" width=\"610\" height=\"600\" alt=\"news3\" title=\"news3\" loading=\"lazy\" \/>\t\t\t\t\t\t\t\t\t\t\t\t\t\t\t\n\t\t\t\t\t\t\t<\/div>\n\t\t\t\t\t\t<\/div>\n\t\t\t\t\t\t\t\t\t\t<div class=\"info-box-content\">\n\t\t\t\t\t\t<div class=\"info-box-subtitle wd-fontsize-xs subtitle-style-default wd-font-weight-\">Le cacao en infusion Ses multiples bienfaits<\/div>\t\t\t\t\t\t<div class=\"info-box-inner set-cont-mb-s reset-last-child\">\n\t\t\t\t\t\t\t\t\t\t\t\t\t<\/div>\n\n\t\t\t\t\t\t\n\t\t\t\t\t<\/div>\n\n\t\t\t\t\t<style>#wd-696f9a3266ce9 .info-box-subtitle{background-color:  !important;}<\/style>\t\t\t\t<\/div>\n\t\t\t<\/div>\n\t\t[\/vc_column][vc_column width=&#8221;1\/4&#8243;]\t\t\t<div class=\"info-box-wrapper \">\n\t\t\t\t<div id=\"wd-696f97ddcd09f\" class=\" cursor-pointer wd-info-box woodmart-info-box wd-wpb text-left box-icon-align-top box-style-bg-hover color-scheme- wd-bg-none color-scheme-hover-light box-title-default vc_custom_1768921069147\"  onclick=\"window.open(&quot;https:\/\/cacaocafenews.com\/index.php\/category\/ca-3\/&quot;,&quot;_blank&quot;)\"  >\n\t\t\t\t\t\t\t\t\t\t\t<div class=\"box-icon-wrapper  box-with-icon box-icon-simple\">\n\t\t\t\t\t\t\t<div class=\"info-box-icon\">\n\n\t\t\t\t\t\t\t\n\t\t\t\t\t\t\t\t\t\t\t\t\t\t\t\t\t<img decoding=\"async\" class=\"info-icon image-1 \" src=\"https:\/\/cacaocafenews.com\/wp-content\/uploads\/2026\/01\/newscc1.png\" width=\"610\" height=\"600\" alt=\"newscc1\" title=\"newscc1\" loading=\"lazy\" \/>\t\t\t\t\t\t\t\t\t\t\t\t\t\t\t\n\t\t\t\t\t\t\t<\/div>\n\t\t\t\t\t\t<\/div>\n\t\t\t\t\t\t\t\t\t\t<div class=\"info-box-content\">\n\t\t\t\t\t\t<div class=\"info-box-subtitle wd-fontsize-xs subtitle-style-default wd-font-weight-\">Le cacao en infusion Ses multiples bienfaits<\/div>\t\t\t\t\t\t<div class=\"info-box-inner set-cont-mb-s reset-last-child\">\n\t\t\t\t\t\t\t\t\t\t\t\t\t<\/div>\n\n\t\t\t\t\t\t\n\t\t\t\t\t<\/div>\n\n\t\t\t\t\t<style>#wd-696f97ddcd09f .info-box-subtitle{background-color:  !important;}<\/style>\t\t\t\t<\/div>\n\t\t\t<\/div>\n\t\t[\/vc_column][\/vc_row][vc_row][vc_column][vc_separator color=&#8221;vista_blue&#8221; align=&#8221;align_left&#8221; style=&#8221;shadow&#8221; css_animation=&#8221;bounceInUp&#8221; css=&#8221;.vc_custom_1768922003543{background-color: #DD9933 !important;background-position: center !important;background-repeat: no-repeat !important;background-size: cover !important;border-radius: 2px !important;border-color: #0C7C2C !important;}&#8221; el_id=&#8221;20&#8243; el_class=&#8221;200&#8243;][\/vc_column][\/vc_row][vc_row][vc_column][\/vc_column][\/vc_row][vc_row][vc_column]\t\t\t<div class=\"info-box-wrapper \">\n\t\t\t\t<div id=\"wd-6978acd380401\" class=\" cursor-pointer wd-info-box woodmart-info-box wd-wpb text-center box-icon-align-top box-style-bg-hover color-scheme- wd-bg-none wd-animation-slide-from-top wd-animation-normal color-scheme-hover-light box-title-default vc_custom_1769516313914\"  onclick=\"window.open(&quot;https:\/\/cacaocafenews.com\/index.php\/category\/vih\/vih-vih\/&quot;,&quot;_blank&quot;)\"  >\n\t\t\t\t\t\t\t\t\t\t<div class=\"info-box-content\">\n\t\t\t\t\t\t<h1 class=\"info-box-title title wd-font-weight-900 box-title-style-default wd-fontsize-m\">NOS PARTENAIRES<\/h1>\t\t\t\t\t\t<div class=\"info-box-inner set-cont-mb-s reset-last-child\">\n\t\t\t\t\t\t\t\t\t\t\t\t\t<\/div>\n\n\t\t\t\t\t\t\n\t\t\t\t\t<\/div>\n\n\t\t\t\t\t<style><\/style>\t\t\t\t<\/div>\n\t\t\t<\/div>\n\t\t[vc_row_inner][vc_column_inner width=&#8221;1\/4&#8243;]<div class=\"team-member wd-wpb text-left  member-layout-default color-scheme-dark wd-off-anim wpb_animate_when_almost_visible wpb_bounceInDown bounceInDown wd-anim-name_bounceInDown\"><div class=\"member-image-wrapper\"><div class=\"member-image\"><img loading=\"lazy\" decoding=\"async\" width=\"591\" height=\"272\" src=\"https:\/\/cacaocafenews.com\/wp-content\/uploads\/2026\/02\/TS.png\" class=\"team-member-avatar-image attachment-full\" alt=\"logo\" title=\"TS\" srcset=\"https:\/\/cacaocafenews.com\/wp-content\/uploads\/2026\/02\/TS.png 591w, https:\/\/cacaocafenews.com\/wp-content\/uploads\/2026\/02\/TS-300x138.png 300w, https:\/\/cacaocafenews.com\/wp-content\/uploads\/2026\/02\/TS-150x69.png 150w\" sizes=\"auto, (max-width: 591px) 100vw, 591px\" \/><\/div><\/div><div class=\"member-details\"><h4 class=\"member-name\">CLUB<\/h4><span class=\"member-position\">CLUB CAFE CACAO<\/span><div class=\"member-bio\">NOS PARTENAIRES<\/div><div class=\"member-social\"><div class=\"wd-social-icons woodmart-social-icons icons-design-simple icons-size-default social-form-circle\"><a rel=\"noopener noreferrer nofollow\" class=\"wd-social-icon social-facebook\" href=\"https:\/\/www.facebook.com\/\"><span class=\"wd-icon\"><\/span><\/a><a rel=\"noopener noreferrer nofollow\" class=\"wd-social-icon social-linkedin\" href=\"https:\/\/barakatshop.ci\/\"><span class=\"wd-icon\"><\/span><\/a><\/div><\/div><\/div><\/div>[\/vc_column_inner][vc_column_inner width=&#8221;1\/4&#8243;]<div class=\"team-member wd-wpb text-left  member-layout-default color-scheme-dark wd-off-anim wpb_animate_when_almost_visible wpb_bounceInDown bounceInDown wd-anim-name_bounceInDown\"><div class=\"member-details\"><h4 class=\"member-name\">CLUB<\/h4><span class=\"member-position\">CLUB CAFE CACAO<\/span><div class=\"member-bio\">NOS PARTENAIRES<\/div><div class=\"member-social\"><div class=\"wd-social-icons woodmart-social-icons icons-design-simple icons-size-default social-form-circle\"><a rel=\"noopener noreferrer nofollow\" class=\"wd-social-icon social-facebook\" href=\"https:\/\/www.facebook.com\/\"><span class=\"wd-icon\"><\/span><\/a><a rel=\"noopener noreferrer nofollow\" class=\"wd-social-icon social-linkedin\" href=\"https:\/\/barakatshop.ci\/\"><span class=\"wd-icon\"><\/span><\/a><\/div><\/div><\/div><\/div>[\/vc_column_inner][vc_column_inner width=&#8221;1\/4&#8243;]<div class=\"team-member wd-wpb text-left  member-layout-default color-scheme-dark wd-off-anim wpb_animate_when_almost_visible wpb_bounceInDown bounceInDown wd-anim-name_bounceInDown\"><div class=\"member-details\"><h4 class=\"member-name\">PLNS<\/h4><span class=\"member-position\">LUTTE CONTRE<\/span><div class=\"member-bio\">LA LUTTE CONTRE LE SIDA \/VIH<\/div><div class=\"member-social\"><div class=\"wd-social-icons woodmart-social-icons icons-design-simple icons-size-default social-form-circle\"><a rel=\"noopener noreferrer nofollow\" class=\"wd-social-icon social-facebook\" href=\"https:\/\/www.facebook.com\/\"><span class=\"wd-icon\"><\/span><\/a><a rel=\"noopener noreferrer nofollow\" class=\"wd-social-icon social-linkedin\" href=\"https:\/\/barakatshop.ci\/\"><span class=\"wd-icon\"><\/span><\/a><\/div><\/div><\/div><\/div>[\/vc_column_inner][vc_column_inner width=&#8221;1\/4&#8243;]<div class=\"team-member wd-wpb text-left  member-layout-default color-scheme-dark wd-off-anim wpb_animate_when_almost_visible wpb_bounceInDown bounceInDown wd-anim-name_bounceInDown\"><div class=\"member-details\"><h4 class=\"member-name\">DAOUDA<\/h4><span class=\"member-position\">WARAMA<\/span><div class=\"member-bio\">WEB MASTER<\/div><div class=\"member-social\"><div class=\"wd-social-icons woodmart-social-icons icons-design-simple icons-size-default social-form-circle\"><a rel=\"noopener noreferrer nofollow\" class=\"wd-social-icon social-facebook\" href=\"https:\/\/www.facebook.com\/\"><span class=\"wd-icon\"><\/span><\/a><a rel=\"noopener noreferrer nofollow\" class=\"wd-social-icon social-linkedin\" href=\"https:\/\/barakatshop.ci\/\"><span class=\"wd-icon\"><\/span><\/a><\/div><\/div><\/div><\/div>[\/vc_column_inner][\/vc_row_inner][\/vc_column][\/vc_row][vc_row][vc_column][vc_progress_bar values=&#8221;%5B%7B%22label%22%3A%22VISITEUR%20%25%22%2C%22value%22%3A%2290%22%2C%22color%22%3A%22bar_green%22%7D%2C%7B%22label%22%3A%22Design%25%22%2C%22value%22%3A%2280%22%2C%22color%22%3A%22bar_orange%22%7D%2C%7B%22label%22%3A%22Marketing%25%22%2C%22value%22%3A%2215%22%2C%22color%22%3A%22bar_turquoise%22%7D%5D&#8221; css=&#8221;.vc_custom_1770738877050{background-color: #FFFFFF !important;}&#8221; title=&#8221;PROGRESSIONS&#8221;][\/vc_column][\/vc_row]<\/p>\n<\/div>","protected":false},"excerpt":{"rendered":"<p>[vc_row][vc_column][\/vc_column][\/vc_row][vc_row][vc_column][vc_images_carousel images=&#8221;123,124,135,136,181,182&#8243; img_size=&#8221;full&#8221; autoplay=&#8221;yes&#8221; hide_pagination_control=&#8221;yes&#8221; hide_prev_next_buttons=&#8221;yes&#8221; css=&#8221;&#8221; el_id=&#8221;slider&#8221; title=&#8221;CCNEWS&#8221;][\/vc_column][\/vc_row][vc_row][vc_column][vc_separator color=&#8221;vista_blue&#8221; border_width=&#8221;2&#8243; css_animation=&#8221;bounceInDown&#8221; css=&#8221;.vc_custom_1768818411995{border-color: #0087FF !important;}&#8221;][vc_separator color=&#8221;mulled_wine&#8221; border_width=&#8221;2&#8243; css_animation=&#8221;bounceInDown&#8221; css=&#8221;&#8221;][vc_row_inner][vc_column_inner][\/vc_column_inner][\/vc_row_inner][\/vc_column][vc_column][vc_row_inner][vc_column_inner width=&#8221;1\/4&#8243;][\/vc_column_inner][vc_column_inner<\/p>\n","protected":false},"author":1,"featured_media":0,"parent":0,"menu_order":0,"comment_status":"open","ping_status":"closed","template":"","meta":{"_bbp_topic_count":0,"_bbp_reply_count":0,"_bbp_total_topic_count":0,"_bbp_total_reply_count":0,"_bbp_voice_count":0,"_bbp_anonymous_reply_count":0,"_bbp_topic_count_hidden":0,"_bbp_reply_count_hidden":0,"_bbp_forum_subforum_count":0,"footnotes":""},"class_list":["post-14","page","type-page","status-publish","hentry"],"_links":{"self":[{"href":"https:\/\/cacaocafenews.com\/index.php\/wp-json\/wp\/v2\/pages\/14","targetHints":{"allow":["GET"]}}],"collection":[{"href":"https:\/\/cacaocafenews.com\/index.php\/wp-json\/wp\/v2\/pages"}],"about":[{"href":"https:\/\/cacaocafenews.com\/index.php\/wp-json\/wp\/v2\/types\/page"}],"author":[{"embeddable":true,"href":"https:\/\/cacaocafenews.com\/index.php\/wp-json\/wp\/v2\/users\/1"}],"replies":[{"embeddable":true,"href":"https:\/\/cacaocafenews.com\/index.php\/wp-json\/wp\/v2\/comments?post=14"}],"version-history":[{"count":98,"href":"https:\/\/cacaocafenews.com\/index.php\/wp-json\/wp\/v2\/pages\/14\/revisions"}],"predecessor-version":[{"id":386,"href":"https:\/\/cacaocafenews.com\/index.php\/wp-json\/wp\/v2\/pages\/14\/revisions\/386"}],"wp:attachment":[{"href":"https:\/\/cacaocafenews.com\/index.php\/wp-json\/wp\/v2\/media?parent=14"}],"curies":[{"name":"wp","href":"https:\/\/api.w.org\/{rel}","templated":true}]}}